{"id":24314,"date":"2025-06-04T10:07:55","date_gmt":"2025-06-04T09:07:55","guid":{"rendered":"https:\/\/www.meritxellgene.cat\/videos\/"},"modified":"2025-06-18T08:22:54","modified_gmt":"2025-06-18T07:22:54","slug":"videos","status":"publish","type":"page","link":"https:\/\/www.meritxellgene.cat\/es\/videos\/","title":{"rendered":"V\u00eddeos"},"content":{"rendered":"\t\t<div data-elementor-type=\"wp-page\" data-elementor-id=\"24314\" class=\"elementor elementor-24314 elementor-24255\" data-elementor-post-type=\"page\">\n\t\t\t\t\t\t<section class=\"elementor-section elementor-top-section elementor-element elementor-element-3fcb5dc elementor-section-full_width elementor-section-height-default elementor-section-height-default sc_fly_static\" data-id=\"3fcb5dc\" data-element_type=\"section\" data-e-type=\"section\">\n\t\t\t\t\t\t<div class=\"elementor-container elementor-column-gap-extended\">\n\t\t\t\t\t<div class=\"elementor-column elementor-col-100 elementor-top-column elementor-element elementor-element-c877754 sc_content_align_inherit sc_layouts_column_icons_position_left sc_fly_static\" data-id=\"c877754\" data-element_type=\"column\" data-e-type=\"column\">\n\t\t\t<div class=\"elementor-widget-wrap elementor-element-populated\">\n\t\t\t\t\t\t<div class=\"elementor-element elementor-element-79315a9 sc_fly_static elementor-widget elementor-widget-spacer\" data-id=\"79315a9\" data-element_type=\"widget\" data-e-type=\"widget\" data-widget_type=\"spacer.default\">\n\t\t\t\t<div class=\"elementor-widget-container\">\n\t\t\t\t\t\t\t<div class=\"elementor-spacer\">\n\t\t\t<div class=\"elementor-spacer-inner\"><\/div>\n\t\t<\/div>\n\t\t\t\t\t\t<\/div>\n\t\t\t\t<\/div>\n\t\t\t\t<div class=\"elementor-element elementor-element-4b39c36 elementor-widget__width-initial elementor-absolute sc_fly_static elementor-widget elementor-widget-image\" data-id=\"4b39c36\" data-element_type=\"widget\" data-e-type=\"widget\" data-settings=\"{&quot;_position&quot;:&quot;absolute&quot;}\" data-widget_type=\"image.default\">\n\t\t\t\t<div class=\"elementor-widget-container\">\n\t\t\t\t\t\t\t\t\t\t\t\t\t\t\t<img fetchpriority=\"high\" decoding=\"async\" width=\"730\" height=\"1573\" src=\"https:\/\/www.meritxellgene.cat\/wp-content\/uploads\/2022\/12\/back-round-1.png\" class=\"attachment-full size-full wp-image-23293\" alt=\"\" srcset=\"https:\/\/www.meritxellgene.cat\/wp-content\/uploads\/2022\/12\/back-round-1.png 730w, https:\/\/www.meritxellgene.cat\/wp-content\/uploads\/2022\/12\/back-round-1-139x300.png 139w, https:\/\/www.meritxellgene.cat\/wp-content\/uploads\/2022\/12\/back-round-1-475x1024.png 475w, https:\/\/www.meritxellgene.cat\/wp-content\/uploads\/2022\/12\/back-round-1-713x1536.png 713w, https:\/\/www.meritxellgene.cat\/wp-content\/uploads\/2022\/12\/back-round-1-370x797.png 370w, https:\/\/www.meritxellgene.cat\/wp-content\/uploads\/2022\/12\/back-round-1-410x883.png 410w, https:\/\/www.meritxellgene.cat\/wp-content\/uploads\/2022\/12\/back-round-1-600x1293.png 600w\" sizes=\"(max-width: 730px) 100vw, 730px\" \/>\t\t\t\t\t\t\t\t\t\t\t\t\t\t\t<\/div>\n\t\t\t\t<\/div>\n\t\t\t\t\t<\/div>\n\t\t<\/div>\n\t\t\t\t\t<\/div>\n\t\t<\/section>\n\t\t\t\t<section class=\"elementor-section elementor-top-section elementor-element elementor-element-09ee903 elementor-section-full_width elementor-section-content-middle elementor-section-height-default elementor-section-height-default sc_fly_static\" data-id=\"09ee903\" data-element_type=\"section\" data-e-type=\"section\">\n\t\t\t\t\t\t\t<div class=\"elementor-background-overlay\"><\/div>\n\t\t\t\t\t\t\t<div class=\"elementor-container elementor-column-gap-no\">\n\t\t\t\t\t<div class=\"elementor-column elementor-col-100 elementor-top-column elementor-element elementor-element-2c551ea sc_content_align_inherit sc_layouts_column_icons_position_left sc_fly_static\" data-id=\"2c551ea\" data-element_type=\"column\" data-e-type=\"column\" data-settings=\"{&quot;background_background&quot;:&quot;classic&quot;}\">\n\t\t\t<div class=\"elementor-widget-wrap elementor-element-populated\">\n\t\t\t\t\t\t<div class=\"elementor-element elementor-element-b7cc2b4 sc_fly_static elementor-widget elementor-widget-menu-anchor\" data-id=\"b7cc2b4\" data-element_type=\"widget\" data-e-type=\"widget\" data-widget_type=\"menu-anchor.default\">\n\t\t\t\t<div class=\"elementor-widget-container\">\n\t\t\t\t\t\t\t<div class=\"elementor-menu-anchor\" id=\"videos\"><\/div>\n\t\t\t\t\t\t<\/div>\n\t\t\t\t<\/div>\n\t\t\t\t<div class=\"elementor-element elementor-element-a8d1371 sc_fly_static elementor-widget elementor-widget-trx_sc_title\" data-id=\"a8d1371\" data-element_type=\"widget\" data-e-type=\"widget\" data-widget_type=\"trx_sc_title.default\">\n\t\t\t\t<div class=\"elementor-widget-container\">\n\t\t\t\t\t<div\t\tclass=\"sc_title sc_title_default\" ><h1 class=\"sc_item_title sc_title_title sc_align_center sc_item_title_style_default sc_item_title_tag\"\n\t\t\t><span class=\"sc_item_title_text\">V\u00cdDEOS<\/span><\/h1><\/div>\t\t\t\t<\/div>\n\t\t\t\t<\/div>\n\t\t\t\t<section class=\"elementor-section-with-custom-width elementor-section elementor-inner-section elementor-element elementor-element-89a07e4 elementor-section-full_width elementor-section-height-default elementor-section-height-default sc_fly_static\" data-id=\"89a07e4\" data-element_type=\"section\" data-e-type=\"section\" data-settings=\"{&quot;background_background&quot;:&quot;classic&quot;}\">\n\t\t\t\t\t\t<div class=\"elementor-container elementor-column-gap-default\">\n\t\t\t\t\t<div data-animation-type=\"block\" class=\"elementor-column elementor-col-25 elementor-inner-column elementor-element elementor-element-fdd92a1 sc_content_align_center sc_layouts_column_icons_position_left animation_type_block sc_fly_static elementor-invisible\" data-id=\"fdd92a1\" data-element_type=\"column\" data-e-type=\"column\" data-settings=\"{&quot;background_background&quot;:&quot;classic&quot;,&quot;animation&quot;:&quot;vocal-fadeinup&quot;,&quot;animation_delay&quot;:50}\">\n\t\t\t<div class=\"elementor-widget-wrap elementor-element-populated\">\n\t\t\t\t\t\t<div class=\"elementor-element elementor-element-d6951f4 sc_fly_static elementor-widget elementor-widget-video\" data-id=\"d6951f4\" data-element_type=\"widget\" data-e-type=\"widget\" data-settings=\"{&quot;youtube_url&quot;:&quot;https:\\\/\\\/www.youtube.com\\\/watch?v=h-J5gaRwfyo&quot;,&quot;video_type&quot;:&quot;youtube&quot;,&quot;controls&quot;:&quot;yes&quot;}\" data-widget_type=\"video.default\">\n\t\t\t\t<div class=\"elementor-widget-container\">\n\t\t\t\t\t\t\t<div class=\"elementor-wrapper elementor-open-inline\">\n\t\t\t<div class=\"elementor-video\"><\/div>\t\t<\/div>\n\t\t\t\t\t\t<\/div>\n\t\t\t\t<\/div>\n\t\t\t\t\t<\/div>\n\t\t<\/div>\n\t\t\t\t<div data-animation-type=\"block\" class=\"elementor-column elementor-col-25 elementor-inner-column elementor-element elementor-element-cc2179c sc_content_align_center sc_layouts_column_icons_position_left animation_type_block sc_fly_static elementor-invisible\" data-id=\"cc2179c\" data-element_type=\"column\" data-e-type=\"column\" data-settings=\"{&quot;background_background&quot;:&quot;classic&quot;,&quot;animation&quot;:&quot;vocal-fadeinup&quot;,&quot;animation_delay&quot;:50}\">\n\t\t\t<div class=\"elementor-widget-wrap elementor-element-populated\">\n\t\t\t\t\t\t<div class=\"elementor-element elementor-element-394d144 sc_fly_static elementor-widget elementor-widget-video\" data-id=\"394d144\" data-element_type=\"widget\" data-e-type=\"widget\" data-settings=\"{&quot;youtube_url&quot;:&quot;https:\\\/\\\/www.youtube.com\\\/watch?v=Gfv96AJFs7o&amp;t=7s&quot;,&quot;video_type&quot;:&quot;youtube&quot;,&quot;controls&quot;:&quot;yes&quot;}\" data-widget_type=\"video.default\">\n\t\t\t\t<div class=\"elementor-widget-container\">\n\t\t\t\t\t\t\t<div class=\"elementor-wrapper elementor-open-inline\">\n\t\t\t<div class=\"elementor-video\"><\/div>\t\t<\/div>\n\t\t\t\t\t\t<\/div>\n\t\t\t\t<\/div>\n\t\t\t\t\t<\/div>\n\t\t<\/div>\n\t\t\t\t<div data-animation-type=\"block\" class=\"elementor-column elementor-col-25 elementor-inner-column elementor-element elementor-element-5540df4 sc_content_align_center sc_layouts_column_icons_position_left animation_type_block sc_fly_static elementor-invisible\" data-id=\"5540df4\" data-element_type=\"column\" data-e-type=\"column\" data-settings=\"{&quot;background_background&quot;:&quot;classic&quot;,&quot;animation&quot;:&quot;vocal-fadeinup&quot;,&quot;animation_delay&quot;:50}\">\n\t\t\t<div class=\"elementor-widget-wrap elementor-element-populated\">\n\t\t\t\t\t\t<div class=\"elementor-element elementor-element-52e9750 sc_fly_static elementor-widget elementor-widget-video\" data-id=\"52e9750\" data-element_type=\"widget\" data-e-type=\"widget\" data-settings=\"{&quot;youtube_url&quot;:&quot;https:\\\/\\\/youtu.be\\\/JhzlGEhOqIU?si=egFz6dLug5x8WHVO&quot;,&quot;video_type&quot;:&quot;youtube&quot;,&quot;controls&quot;:&quot;yes&quot;}\" data-widget_type=\"video.default\">\n\t\t\t\t<div class=\"elementor-widget-container\">\n\t\t\t\t\t\t\t<div class=\"elementor-wrapper elementor-open-inline\">\n\t\t\t<div class=\"elementor-video\"><\/div>\t\t<\/div>\n\t\t\t\t\t\t<\/div>\n\t\t\t\t<\/div>\n\t\t\t\t\t<\/div>\n\t\t<\/div>\n\t\t\t\t<div data-animation-type=\"block\" class=\"elementor-column elementor-col-25 elementor-inner-column elementor-element elementor-element-cd0bcbc sc_content_align_center sc_layouts_column_icons_position_left animation_type_block sc_fly_static elementor-invisible\" data-id=\"cd0bcbc\" data-element_type=\"column\" data-e-type=\"column\" data-settings=\"{&quot;background_background&quot;:&quot;classic&quot;,&quot;animation&quot;:&quot;vocal-fadeinup&quot;,&quot;animation_delay&quot;:50}\">\n\t\t\t<div class=\"elementor-widget-wrap elementor-element-populated\">\n\t\t\t\t\t\t<div class=\"elementor-element elementor-element-20f5264 sc_fly_static elementor-widget elementor-widget-video\" data-id=\"20f5264\" data-element_type=\"widget\" data-e-type=\"widget\" data-settings=\"{&quot;youtube_url&quot;:&quot;https:\\\/\\\/youtu.be\\\/Uokxkq7asAI?si=9QAGuwQrrDpU7Pbd&quot;,&quot;video_type&quot;:&quot;youtube&quot;,&quot;controls&quot;:&quot;yes&quot;}\" data-widget_type=\"video.default\">\n\t\t\t\t<div class=\"elementor-widget-container\">\n\t\t\t\t\t\t\t<div class=\"elementor-wrapper elementor-open-inline\">\n\t\t\t<div class=\"elementor-video\"><\/div>\t\t<\/div>\n\t\t\t\t\t\t<\/div>\n\t\t\t\t<\/div>\n\t\t\t\t\t<\/div>\n\t\t<\/div>\n\t\t\t\t\t<\/div>\n\t\t<\/section>\n\t\t\t\t<section class=\"elementor-section-with-custom-width elementor-section elementor-inner-section elementor-element elementor-element-9e4a405 elementor-section-full_width elementor-section-height-default elementor-section-height-default sc_fly_static\" data-id=\"9e4a405\" data-element_type=\"section\" data-e-type=\"section\" data-settings=\"{&quot;background_background&quot;:&quot;classic&quot;}\">\n\t\t\t\t\t\t<div class=\"elementor-container elementor-column-gap-default\">\n\t\t\t\t\t<div data-animation-type=\"block\" class=\"elementor-column elementor-col-25 elementor-inner-column elementor-element elementor-element-066cd1c sc_content_align_center sc_layouts_column_icons_position_left animation_type_block sc_fly_static elementor-invisible\" data-id=\"066cd1c\" data-element_type=\"column\" data-e-type=\"column\" data-settings=\"{&quot;background_background&quot;:&quot;classic&quot;,&quot;animation&quot;:&quot;vocal-fadeinup&quot;,&quot;animation_delay&quot;:50}\">\n\t\t\t<div class=\"elementor-widget-wrap elementor-element-populated\">\n\t\t\t\t\t\t<div class=\"elementor-element elementor-element-78c2d42 sc_fly_static elementor-widget elementor-widget-video\" data-id=\"78c2d42\" data-element_type=\"widget\" data-e-type=\"widget\" data-settings=\"{&quot;youtube_url&quot;:&quot;https:\\\/\\\/www.youtube.com\\\/watch?v=OqzGtdgRlL0&quot;,&quot;video_type&quot;:&quot;youtube&quot;,&quot;controls&quot;:&quot;yes&quot;}\" data-widget_type=\"video.default\">\n\t\t\t\t<div class=\"elementor-widget-container\">\n\t\t\t\t\t\t\t<div class=\"elementor-wrapper elementor-open-inline\">\n\t\t\t<div class=\"elementor-video\"><\/div>\t\t<\/div>\n\t\t\t\t\t\t<\/div>\n\t\t\t\t<\/div>\n\t\t\t\t\t<\/div>\n\t\t<\/div>\n\t\t\t\t<div data-animation-type=\"block\" class=\"elementor-column elementor-col-25 elementor-inner-column elementor-element elementor-element-5b3863e sc_content_align_center sc_layouts_column_icons_position_left animation_type_block sc_fly_static elementor-invisible\" data-id=\"5b3863e\" data-element_type=\"column\" data-e-type=\"column\" data-settings=\"{&quot;background_background&quot;:&quot;classic&quot;,&quot;animation&quot;:&quot;vocal-fadeinup&quot;,&quot;animation_delay&quot;:50}\">\n\t\t\t<div class=\"elementor-widget-wrap elementor-element-populated\">\n\t\t\t\t\t\t<div class=\"elementor-element elementor-element-dee40cd sc_fly_static elementor-widget elementor-widget-video\" data-id=\"dee40cd\" data-element_type=\"widget\" data-e-type=\"widget\" data-settings=\"{&quot;youtube_url&quot;:&quot;https:\\\/\\\/www.youtube.com\\\/watch?v=9iixYo8zAFI&quot;,&quot;video_type&quot;:&quot;youtube&quot;,&quot;controls&quot;:&quot;yes&quot;}\" data-widget_type=\"video.default\">\n\t\t\t\t<div class=\"elementor-widget-container\">\n\t\t\t\t\t\t\t<div class=\"elementor-wrapper elementor-open-inline\">\n\t\t\t<div class=\"elementor-video\"><\/div>\t\t<\/div>\n\t\t\t\t\t\t<\/div>\n\t\t\t\t<\/div>\n\t\t\t\t\t<\/div>\n\t\t<\/div>\n\t\t\t\t<div data-animation-type=\"block\" class=\"elementor-column elementor-col-25 elementor-inner-column elementor-element elementor-element-41836e6 sc_content_align_center sc_layouts_column_icons_position_left animation_type_block sc_fly_static elementor-invisible\" data-id=\"41836e6\" data-element_type=\"column\" data-e-type=\"column\" data-settings=\"{&quot;background_background&quot;:&quot;classic&quot;,&quot;animation&quot;:&quot;vocal-fadeinup&quot;,&quot;animation_delay&quot;:50}\">\n\t\t\t<div class=\"elementor-widget-wrap elementor-element-populated\">\n\t\t\t\t\t\t<div class=\"elementor-element elementor-element-857b0f0 sc_fly_static elementor-widget elementor-widget-video\" data-id=\"857b0f0\" data-element_type=\"widget\" data-e-type=\"widget\" data-settings=\"{&quot;youtube_url&quot;:&quot;https:\\\/\\\/www.youtube.com\\\/watch?v=cDXMwD7-du4&quot;,&quot;video_type&quot;:&quot;youtube&quot;,&quot;controls&quot;:&quot;yes&quot;}\" data-widget_type=\"video.default\">\n\t\t\t\t<div class=\"elementor-widget-container\">\n\t\t\t\t\t\t\t<div class=\"elementor-wrapper elementor-open-inline\">\n\t\t\t<div class=\"elementor-video\"><\/div>\t\t<\/div>\n\t\t\t\t\t\t<\/div>\n\t\t\t\t<\/div>\n\t\t\t\t\t<\/div>\n\t\t<\/div>\n\t\t\t\t<div data-animation-type=\"block\" class=\"elementor-column elementor-col-25 elementor-inner-column elementor-element elementor-element-f99c085 sc_content_align_center sc_layouts_column_icons_position_left animation_type_block sc_fly_static elementor-invisible\" data-id=\"f99c085\" data-element_type=\"column\" data-e-type=\"column\" data-settings=\"{&quot;background_background&quot;:&quot;classic&quot;,&quot;animation&quot;:&quot;vocal-fadeinup&quot;,&quot;animation_delay&quot;:50}\">\n\t\t\t<div class=\"elementor-widget-wrap elementor-element-populated\">\n\t\t\t\t\t\t<div class=\"elementor-element elementor-element-1d371ae sc_fly_static elementor-widget elementor-widget-video\" data-id=\"1d371ae\" data-element_type=\"widget\" data-e-type=\"widget\" data-settings=\"{&quot;youtube_url&quot;:&quot;https:\\\/\\\/www.youtube.com\\\/watch?v=uNSNukP1Rqw&quot;,&quot;video_type&quot;:&quot;youtube&quot;,&quot;controls&quot;:&quot;yes&quot;}\" data-widget_type=\"video.default\">\n\t\t\t\t<div class=\"elementor-widget-container\">\n\t\t\t\t\t\t\t<div class=\"elementor-wrapper elementor-open-inline\">\n\t\t\t<div class=\"elementor-video\"><\/div>\t\t<\/div>\n\t\t\t\t\t\t<\/div>\n\t\t\t\t<\/div>\n\t\t\t\t\t<\/div>\n\t\t<\/div>\n\t\t\t\t\t<\/div>\n\t\t<\/section>\n\t\t\t\t\t<\/div>\n\t\t<\/div>\n\t\t\t\t\t<\/div>\n\t\t<\/section>\n\t\t\t\t<\/div>\n\t\t","protected":false},"excerpt":{"rendered":"<p>V\u00cdDEOS https:\/\/www.youtube.com\/watch?v=h-J5gaRwfyohttps:\/\/www.youtube.com\/watch?v=Gfv96AJFs7o&#038;t=7shttps:\/\/youtu.be\/JhzlGEhOqIU?si=egFz6dLug5x8WHVOhttps:\/\/youtu.be\/Uokxkq7asAI?si=9QAGuwQrrDpU7Pbdhttps:\/\/www.youtube.com\/watch?v=OqzGtdgRlL0https:\/\/www.youtube.com\/watch?v=9iixYo8zAFIhttps:\/\/www.youtube.com\/watch?v=cDXMwD7-du4https:\/\/www.youtube.com\/watch?v=uNSNukP1Rqw<\/p>\n","protected":false},"author":1,"featured_media":0,"parent":0,"menu_order":0,"comment_status":"closed","ping_status":"closed","template":"","meta":{"footnotes":""},"class_list":["post-24314","page","type-page","status-publish","hentry"],"yoast_head":"<!-- This site is optimized with the Yoast SEO plugin v27.3 - https:\/\/yoast.com\/product\/yoast-seo-wordpress\/ -->\n<title>V\u00eddeos | Meritxell Gen\u00e9<\/title>\n<meta name=\"robots\" content=\"index, follow, max-snippet:-1, max-image-preview:large, max-video-preview:-1\" \/>\n<link rel=\"canonical\" href=\"https:\/\/www.meritxellgene.cat\/es\/videos\/\" \/>\n<meta property=\"og:locale\" content=\"es_ES\" \/>\n<meta property=\"og:type\" content=\"article\" \/>\n<meta property=\"og:title\" content=\"V\u00eddeos | Meritxell Gen\u00e9\" \/>\n<meta property=\"og:description\" content=\"V\u00cdDEOS https:\/\/www.youtube.com\/watch?v=h-J5gaRwfyohttps:\/\/www.youtube.com\/watch?v=Gfv96AJFs7o&#038;t=7shttps:\/\/youtu.be\/JhzlGEhOqIU?si=egFz6dLug5x8WHVOhttps:\/\/youtu.be\/Uokxkq7asAI?si=9QAGuwQrrDpU7Pbdhttps:\/\/www.youtube.com\/watch?v=OqzGtdgRlL0https:\/\/www.youtube.com\/watch?v=9iixYo8zAFIhttps:\/\/www.youtube.com\/watch?v=cDXMwD7-du4https:\/\/www.youtube.com\/watch?v=uNSNukP1Rqw\" \/>\n<meta property=\"og:url\" content=\"https:\/\/www.meritxellgene.cat\/es\/videos\/\" \/>\n<meta property=\"og:site_name\" content=\"Meritxell Gen\u00e9\" \/>\n<meta property=\"article:modified_time\" content=\"2025-06-18T07:22:54+00:00\" \/>\n<meta property=\"og:image\" content=\"https:\/\/www.meritxellgene.cat\/wp-content\/uploads\/2022\/12\/back-round-1.png\" \/>\n\t<meta property=\"og:image:width\" content=\"730\" \/>\n\t<meta property=\"og:image:height\" content=\"1573\" \/>\n\t<meta property=\"og:image:type\" content=\"image\/png\" \/>\n<meta name=\"twitter:card\" content=\"summary_large_image\" \/>\n<script type=\"application\/ld+json\" class=\"yoast-schema-graph\">{\"@context\":\"https:\\\/\\\/schema.org\",\"@graph\":[{\"@type\":\"WebPage\",\"@id\":\"https:\\\/\\\/www.meritxellgene.cat\\\/es\\\/videos\\\/\",\"url\":\"https:\\\/\\\/www.meritxellgene.cat\\\/es\\\/videos\\\/\",\"name\":\"V\u00eddeos | Meritxell Gen\u00e9\",\"isPartOf\":{\"@id\":\"https:\\\/\\\/www.meritxellgene.cat\\\/es\\\/#website\"},\"primaryImageOfPage\":{\"@id\":\"https:\\\/\\\/www.meritxellgene.cat\\\/es\\\/videos\\\/#primaryimage\"},\"image\":{\"@id\":\"https:\\\/\\\/www.meritxellgene.cat\\\/es\\\/videos\\\/#primaryimage\"},\"thumbnailUrl\":\"http:\\\/\\\/www.meritxellgene.cat\\\/wp-content\\\/uploads\\\/2022\\\/12\\\/back-round-1.png\",\"datePublished\":\"2025-06-04T09:07:55+00:00\",\"dateModified\":\"2025-06-18T07:22:54+00:00\",\"breadcrumb\":{\"@id\":\"https:\\\/\\\/www.meritxellgene.cat\\\/es\\\/videos\\\/#breadcrumb\"},\"inLanguage\":\"es\",\"potentialAction\":[{\"@type\":\"ReadAction\",\"target\":[\"https:\\\/\\\/www.meritxellgene.cat\\\/es\\\/videos\\\/\"]}]},{\"@type\":\"ImageObject\",\"inLanguage\":\"es\",\"@id\":\"https:\\\/\\\/www.meritxellgene.cat\\\/es\\\/videos\\\/#primaryimage\",\"url\":\"http:\\\/\\\/www.meritxellgene.cat\\\/wp-content\\\/uploads\\\/2022\\\/12\\\/back-round-1.png\",\"contentUrl\":\"http:\\\/\\\/www.meritxellgene.cat\\\/wp-content\\\/uploads\\\/2022\\\/12\\\/back-round-1.png\"},{\"@type\":\"BreadcrumbList\",\"@id\":\"https:\\\/\\\/www.meritxellgene.cat\\\/es\\\/videos\\\/#breadcrumb\",\"itemListElement\":[{\"@type\":\"ListItem\",\"position\":1,\"name\":\"Portada\",\"item\":\"https:\\\/\\\/www.meritxellgene.cat\\\/es\\\/\"},{\"@type\":\"ListItem\",\"position\":2,\"name\":\"V\u00eddeos\"}]},{\"@type\":\"WebSite\",\"@id\":\"https:\\\/\\\/www.meritxellgene.cat\\\/es\\\/#website\",\"url\":\"https:\\\/\\\/www.meritxellgene.cat\\\/es\\\/\",\"name\":\"Meritxell Gen\u00e9\",\"description\":\"\",\"publisher\":{\"@id\":\"https:\\\/\\\/www.meritxellgene.cat\\\/es\\\/#organization\"},\"potentialAction\":[{\"@type\":\"SearchAction\",\"target\":{\"@type\":\"EntryPoint\",\"urlTemplate\":\"https:\\\/\\\/www.meritxellgene.cat\\\/es\\\/?s={search_term_string}\"},\"query-input\":{\"@type\":\"PropertyValueSpecification\",\"valueRequired\":true,\"valueName\":\"search_term_string\"}}],\"inLanguage\":\"es\"},{\"@type\":\"Organization\",\"@id\":\"https:\\\/\\\/www.meritxellgene.cat\\\/es\\\/#organization\",\"name\":\"Meritxell Gen\u00e9\",\"url\":\"https:\\\/\\\/www.meritxellgene.cat\\\/es\\\/\",\"logo\":{\"@type\":\"ImageObject\",\"inLanguage\":\"es\",\"@id\":\"https:\\\/\\\/www.meritxellgene.cat\\\/es\\\/#\\\/schema\\\/logo\\\/image\\\/\",\"url\":\"https:\\\/\\\/www.meritxellgene.cat\\\/wp-content\\\/uploads\\\/2025\\\/01\\\/meritxell-gene-logo02.png\",\"contentUrl\":\"https:\\\/\\\/www.meritxellgene.cat\\\/wp-content\\\/uploads\\\/2025\\\/01\\\/meritxell-gene-logo02.png\",\"width\":400,\"height\":103,\"caption\":\"Meritxell Gen\u00e9\"},\"image\":{\"@id\":\"https:\\\/\\\/www.meritxellgene.cat\\\/es\\\/#\\\/schema\\\/logo\\\/image\\\/\"}}]}<\/script>\n<!-- \/ Yoast SEO plugin. -->","yoast_head_json":{"title":"V\u00eddeos | Meritxell Gen\u00e9","robots":{"index":"index","follow":"follow","max-snippet":"max-snippet:-1","max-image-preview":"max-image-preview:large","max-video-preview":"max-video-preview:-1"},"canonical":"https:\/\/www.meritxellgene.cat\/es\/videos\/","og_locale":"es_ES","og_type":"article","og_title":"V\u00eddeos | Meritxell Gen\u00e9","og_description":"V\u00cdDEOS https:\/\/www.youtube.com\/watch?v=h-J5gaRwfyohttps:\/\/www.youtube.com\/watch?v=Gfv96AJFs7o&#038;t=7shttps:\/\/youtu.be\/JhzlGEhOqIU?si=egFz6dLug5x8WHVOhttps:\/\/youtu.be\/Uokxkq7asAI?si=9QAGuwQrrDpU7Pbdhttps:\/\/www.youtube.com\/watch?v=OqzGtdgRlL0https:\/\/www.youtube.com\/watch?v=9iixYo8zAFIhttps:\/\/www.youtube.com\/watch?v=cDXMwD7-du4https:\/\/www.youtube.com\/watch?v=uNSNukP1Rqw","og_url":"https:\/\/www.meritxellgene.cat\/es\/videos\/","og_site_name":"Meritxell Gen\u00e9","article_modified_time":"2025-06-18T07:22:54+00:00","og_image":[{"width":730,"height":1573,"url":"https:\/\/www.meritxellgene.cat\/wp-content\/uploads\/2022\/12\/back-round-1.png","type":"image\/png"}],"twitter_card":"summary_large_image","schema":{"@context":"https:\/\/schema.org","@graph":[{"@type":"WebPage","@id":"https:\/\/www.meritxellgene.cat\/es\/videos\/","url":"https:\/\/www.meritxellgene.cat\/es\/videos\/","name":"V\u00eddeos | Meritxell Gen\u00e9","isPartOf":{"@id":"https:\/\/www.meritxellgene.cat\/es\/#website"},"primaryImageOfPage":{"@id":"https:\/\/www.meritxellgene.cat\/es\/videos\/#primaryimage"},"image":{"@id":"https:\/\/www.meritxellgene.cat\/es\/videos\/#primaryimage"},"thumbnailUrl":"http:\/\/www.meritxellgene.cat\/wp-content\/uploads\/2022\/12\/back-round-1.png","datePublished":"2025-06-04T09:07:55+00:00","dateModified":"2025-06-18T07:22:54+00:00","breadcrumb":{"@id":"https:\/\/www.meritxellgene.cat\/es\/videos\/#breadcrumb"},"inLanguage":"es","potentialAction":[{"@type":"ReadAction","target":["https:\/\/www.meritxellgene.cat\/es\/videos\/"]}]},{"@type":"ImageObject","inLanguage":"es","@id":"https:\/\/www.meritxellgene.cat\/es\/videos\/#primaryimage","url":"http:\/\/www.meritxellgene.cat\/wp-content\/uploads\/2022\/12\/back-round-1.png","contentUrl":"http:\/\/www.meritxellgene.cat\/wp-content\/uploads\/2022\/12\/back-round-1.png"},{"@type":"BreadcrumbList","@id":"https:\/\/www.meritxellgene.cat\/es\/videos\/#breadcrumb","itemListElement":[{"@type":"ListItem","position":1,"name":"Portada","item":"https:\/\/www.meritxellgene.cat\/es\/"},{"@type":"ListItem","position":2,"name":"V\u00eddeos"}]},{"@type":"WebSite","@id":"https:\/\/www.meritxellgene.cat\/es\/#website","url":"https:\/\/www.meritxellgene.cat\/es\/","name":"Meritxell Gen\u00e9","description":"","publisher":{"@id":"https:\/\/www.meritxellgene.cat\/es\/#organization"},"potentialAction":[{"@type":"SearchAction","target":{"@type":"EntryPoint","urlTemplate":"https:\/\/www.meritxellgene.cat\/es\/?s={search_term_string}"},"query-input":{"@type":"PropertyValueSpecification","valueRequired":true,"valueName":"search_term_string"}}],"inLanguage":"es"},{"@type":"Organization","@id":"https:\/\/www.meritxellgene.cat\/es\/#organization","name":"Meritxell Gen\u00e9","url":"https:\/\/www.meritxellgene.cat\/es\/","logo":{"@type":"ImageObject","inLanguage":"es","@id":"https:\/\/www.meritxellgene.cat\/es\/#\/schema\/logo\/image\/","url":"https:\/\/www.meritxellgene.cat\/wp-content\/uploads\/2025\/01\/meritxell-gene-logo02.png","contentUrl":"https:\/\/www.meritxellgene.cat\/wp-content\/uploads\/2025\/01\/meritxell-gene-logo02.png","width":400,"height":103,"caption":"Meritxell Gen\u00e9"},"image":{"@id":"https:\/\/www.meritxellgene.cat\/es\/#\/schema\/logo\/image\/"}}]}},"_links":{"self":[{"href":"https:\/\/www.meritxellgene.cat\/es\/wp-json\/wp\/v2\/pages\/24314","targetHints":{"allow":["GET"]}}],"collection":[{"href":"https:\/\/www.meritxellgene.cat\/es\/wp-json\/wp\/v2\/pages"}],"about":[{"href":"https:\/\/www.meritxellgene.cat\/es\/wp-json\/wp\/v2\/types\/page"}],"author":[{"embeddable":true,"href":"https:\/\/www.meritxellgene.cat\/es\/wp-json\/wp\/v2\/users\/1"}],"replies":[{"embeddable":true,"href":"https:\/\/www.meritxellgene.cat\/es\/wp-json\/wp\/v2\/comments?post=24314"}],"version-history":[{"count":2,"href":"https:\/\/www.meritxellgene.cat\/es\/wp-json\/wp\/v2\/pages\/24314\/revisions"}],"predecessor-version":[{"id":24693,"href":"https:\/\/www.meritxellgene.cat\/es\/wp-json\/wp\/v2\/pages\/24314\/revisions\/24693"}],"wp:attachment":[{"href":"https:\/\/www.meritxellgene.cat\/es\/wp-json\/wp\/v2\/media?parent=24314"}],"curies":[{"name":"wp","href":"https:\/\/api.w.org\/{rel}","templated":true}]}}