{"id":23758,"date":"2025-03-02T10:13:31","date_gmt":"2025-03-02T09:13:31","guid":{"rendered":"https:\/\/www.meritxellgene.cat\/product\/sa-tanca-dalla-dins\/"},"modified":"2020-05-12T10:13:31","modified_gmt":"2020-05-12T09:13:31","slug":"sa-tanca-dalla-dins","status":"publish","type":"product","link":"https:\/\/www.meritxellgene.cat\/es\/producto\/sa-tanca-dalla-dins\/","title":{"rendered":"Sa tanca d&#8217;all\u00e0 dins"},"content":{"rendered":"<p>Meritxell Gen\u00e9 nos presenta \u2018Sa tanca d\u2019all\u00e0 dins\u2019, un trabajo que desgrana algunos de los poemas que forman parte de su primer libro \u2018Despr\u00e9s d\u2019esbarzers\u2019 (Pag\u00e8s Editors), una recopilaci\u00f3n muy personal, nacida del deleite de revivir el pasado, de rascarlo, de reflejarse en \u00e9l y de mirarlo.<\/p>\n<p>Sin haberlo previsto mucho, la energ\u00eda, a menudo honda y at\u00e1vica, de esos poemas tan \u00edntimos, ha empujado unos versos que poco a poco se han ido desplegando musicalmente. Una vez recitados y digeridos, ahora est\u00e1n escritos para ser cantados. La profundidad ins\u00f3lita de los versos persevera cada vez que los declama y, m\u00e1s a\u00fan, ahora que tambi\u00e9n los canta. En una celebraci\u00f3n esencial, cuerpo adentro y afuera.   <\/p>\n","protected":false},"excerpt":{"rendered":"<p>Meritxell Gen\u00e9 nos presenta \u2018Sa tanca d\u2019all\u00e0 dins\u2019, un trabajo que desgrana algunos de los poemas que forman parte de su primer libro \u2018Despr\u00e9s d\u2019esbarzers\u2019 (Pag\u00e8s Editors), una recopilaci\u00f3n muy personal, nacida del deleite de revivir el pasado, de rascarlo, de reflejarse en \u00e9l y de mirarlo.<\/p>\n<p>Sin haberlo previsto mucho, la energ\u00eda, a menudo honda y at\u00e1vica, de esos poemas tan \u00edntimos, ha empujado unos versos que poco a poco se han ido desplegando musicalmente. Una vez recitados y digeridos, ahora est\u00e1n escritos para ser cantados. La profundidad ins\u00f3lita de los versos persevera cada vez que los declama y, m\u00e1s a\u00fan, ahora que tambi\u00e9n los canta. En una celebraci\u00f3n esencial, cuerpo adentro y afuera.   <\/p>\n","protected":false},"featured_media":23353,"comment_status":"open","ping_status":"closed","template":"","meta":[],"product_brand":[],"product_cat":[223],"product_tag":[225,226,224],"class_list":{"0":"post-23758","1":"product","2":"type-product","3":"status-publish","4":"has-post-thumbnail","6":"product_cat-discografia-es","7":"product_tag-collection-es","8":"product_tag-music-es","9":"product_tag-record-es","11":"first","12":"instock","13":"sale","14":"shipping-taxable","15":"purchasable","16":"product-type-simple"},"yoast_head":"<!-- This site is optimized with the Yoast SEO plugin v27.6 - https:\/\/yoast.com\/product\/yoast-seo-wordpress\/ -->\n<title>Sa tanca d&#039;all\u00e0 dins | Meritxell Gen\u00e9<\/title>\n<meta name=\"robots\" content=\"index, follow, max-snippet:-1, max-image-preview:large, max-video-preview:-1\" \/>\n<link rel=\"canonical\" href=\"https:\/\/www.meritxellgene.cat\/es\/producto\/sa-tanca-dalla-dins\/\" \/>\n<meta property=\"og:locale\" content=\"es_ES\" \/>\n<meta property=\"og:type\" content=\"article\" \/>\n<meta property=\"og:title\" content=\"Sa tanca d&#039;all\u00e0 dins | Meritxell Gen\u00e9\" \/>\n<meta property=\"og:description\" content=\"Meritxell Gen\u00e9 nos presenta \u2018Sa tanca d\u2019all\u00e0 dins\u2019, un trabajo que desgrana algunos de los poemas que forman parte de su primer libro \u2018Despr\u00e9s d\u2019esbarzers\u2019 (Pag\u00e8s Editors), una recopilaci\u00f3n muy personal, nacida del deleite de revivir el pasado, de rascarlo, de reflejarse en \u00e9l y de mirarlo. Sin haberlo previsto mucho, la energ\u00eda, a menudo honda y at\u00e1vica, de esos poemas tan \u00edntimos, ha empujado unos versos que poco a poco se han ido desplegando musicalmente. Una vez recitados y digeridos, ahora est\u00e1n escritos para ser cantados. La profundidad ins\u00f3lita de los versos persevera cada vez que los declama y, m\u00e1s a\u00fan, ahora que tambi\u00e9n los canta. En una celebraci\u00f3n esencial, cuerpo adentro y afuera.\" \/>\n<meta property=\"og:url\" content=\"https:\/\/www.meritxellgene.cat\/es\/producto\/sa-tanca-dalla-dins\/\" \/>\n<meta property=\"og:site_name\" content=\"Meritxell Gen\u00e9\" \/>\n<meta property=\"og:image\" content=\"https:\/\/www.meritxellgene.cat\/wp-content\/uploads\/2020\/05\/portadaquadradaxarxes-2.jpg\" \/>\n\t<meta property=\"og:image:width\" content=\"1800\" \/>\n\t<meta property=\"og:image:height\" content=\"1800\" \/>\n\t<meta property=\"og:image:type\" content=\"image\/jpeg\" \/>\n<meta name=\"twitter:card\" content=\"summary_large_image\" \/>\n<meta name=\"twitter:label1\" content=\"Tiempo de lectura\" \/>\n\t<meta name=\"twitter:data1\" content=\"1 minuto\" \/>\n<script type=\"application\/ld+json\" class=\"yoast-schema-graph\">{\"@context\":\"https:\\\/\\\/schema.org\",\"@graph\":[{\"@type\":\"WebPage\",\"@id\":\"https:\\\/\\\/www.meritxellgene.cat\\\/es\\\/producto\\\/sa-tanca-dalla-dins\\\/\",\"url\":\"https:\\\/\\\/www.meritxellgene.cat\\\/es\\\/producto\\\/sa-tanca-dalla-dins\\\/\",\"name\":\"Sa tanca d'all\u00e0 dins | Meritxell Gen\u00e9\",\"isPartOf\":{\"@id\":\"https:\\\/\\\/www.meritxellgene.cat\\\/es\\\/#website\"},\"primaryImageOfPage\":{\"@id\":\"https:\\\/\\\/www.meritxellgene.cat\\\/es\\\/producto\\\/sa-tanca-dalla-dins\\\/#primaryimage\"},\"image\":{\"@id\":\"https:\\\/\\\/www.meritxellgene.cat\\\/es\\\/producto\\\/sa-tanca-dalla-dins\\\/#primaryimage\"},\"thumbnailUrl\":\"https:\\\/\\\/www.meritxellgene.cat\\\/wp-content\\\/uploads\\\/2020\\\/05\\\/portadaquadradaxarxes-2.jpg\",\"datePublished\":\"2025-03-02T09:13:31+00:00\",\"breadcrumb\":{\"@id\":\"https:\\\/\\\/www.meritxellgene.cat\\\/es\\\/producto\\\/sa-tanca-dalla-dins\\\/#breadcrumb\"},\"inLanguage\":\"es\",\"potentialAction\":[{\"@type\":\"ReadAction\",\"target\":[\"https:\\\/\\\/www.meritxellgene.cat\\\/es\\\/producto\\\/sa-tanca-dalla-dins\\\/\"]}]},{\"@type\":\"ImageObject\",\"inLanguage\":\"es\",\"@id\":\"https:\\\/\\\/www.meritxellgene.cat\\\/es\\\/producto\\\/sa-tanca-dalla-dins\\\/#primaryimage\",\"url\":\"https:\\\/\\\/www.meritxellgene.cat\\\/wp-content\\\/uploads\\\/2020\\\/05\\\/portadaquadradaxarxes-2.jpg\",\"contentUrl\":\"https:\\\/\\\/www.meritxellgene.cat\\\/wp-content\\\/uploads\\\/2020\\\/05\\\/portadaquadradaxarxes-2.jpg\",\"width\":1800,\"height\":1800},{\"@type\":\"BreadcrumbList\",\"@id\":\"https:\\\/\\\/www.meritxellgene.cat\\\/es\\\/producto\\\/sa-tanca-dalla-dins\\\/#breadcrumb\",\"itemListElement\":[{\"@type\":\"ListItem\",\"position\":1,\"name\":\"Portada\",\"item\":\"https:\\\/\\\/www.meritxellgene.cat\\\/es\\\/\"},{\"@type\":\"ListItem\",\"position\":2,\"name\":\"Tienda\",\"item\":\"https:\\\/\\\/www.meritxellgene.cat\\\/botiga\\\/\"},{\"@type\":\"ListItem\",\"position\":3,\"name\":\"Sa tanca d&#8217;all\u00e0 dins\"}]},{\"@type\":\"WebSite\",\"@id\":\"https:\\\/\\\/www.meritxellgene.cat\\\/es\\\/#website\",\"url\":\"https:\\\/\\\/www.meritxellgene.cat\\\/es\\\/\",\"name\":\"Meritxell Gen\u00e9\",\"description\":\"\",\"publisher\":{\"@id\":\"https:\\\/\\\/www.meritxellgene.cat\\\/es\\\/#organization\"},\"potentialAction\":[{\"@type\":\"SearchAction\",\"target\":{\"@type\":\"EntryPoint\",\"urlTemplate\":\"https:\\\/\\\/www.meritxellgene.cat\\\/es\\\/?s={search_term_string}\"},\"query-input\":{\"@type\":\"PropertyValueSpecification\",\"valueRequired\":true,\"valueName\":\"search_term_string\"}}],\"inLanguage\":\"es\"},{\"@type\":\"Organization\",\"@id\":\"https:\\\/\\\/www.meritxellgene.cat\\\/es\\\/#organization\",\"name\":\"Meritxell Gen\u00e9\",\"url\":\"https:\\\/\\\/www.meritxellgene.cat\\\/es\\\/\",\"logo\":{\"@type\":\"ImageObject\",\"inLanguage\":\"es\",\"@id\":\"https:\\\/\\\/www.meritxellgene.cat\\\/es\\\/#\\\/schema\\\/logo\\\/image\\\/\",\"url\":\"https:\\\/\\\/www.meritxellgene.cat\\\/wp-content\\\/uploads\\\/2025\\\/01\\\/meritxell-gene-logo02.png\",\"contentUrl\":\"https:\\\/\\\/www.meritxellgene.cat\\\/wp-content\\\/uploads\\\/2025\\\/01\\\/meritxell-gene-logo02.png\",\"width\":400,\"height\":103,\"caption\":\"Meritxell Gen\u00e9\"},\"image\":{\"@id\":\"https:\\\/\\\/www.meritxellgene.cat\\\/es\\\/#\\\/schema\\\/logo\\\/image\\\/\"}}]}<\/script>\n<!-- \/ Yoast SEO plugin. -->","yoast_head_json":{"title":"Sa tanca d'all\u00e0 dins | Meritxell Gen\u00e9","robots":{"index":"index","follow":"follow","max-snippet":"max-snippet:-1","max-image-preview":"max-image-preview:large","max-video-preview":"max-video-preview:-1"},"canonical":"https:\/\/www.meritxellgene.cat\/es\/producto\/sa-tanca-dalla-dins\/","og_locale":"es_ES","og_type":"article","og_title":"Sa tanca d'all\u00e0 dins | Meritxell Gen\u00e9","og_description":"Meritxell Gen\u00e9 nos presenta \u2018Sa tanca d\u2019all\u00e0 dins\u2019, un trabajo que desgrana algunos de los poemas que forman parte de su primer libro \u2018Despr\u00e9s d\u2019esbarzers\u2019 (Pag\u00e8s Editors), una recopilaci\u00f3n muy personal, nacida del deleite de revivir el pasado, de rascarlo, de reflejarse en \u00e9l y de mirarlo. Sin haberlo previsto mucho, la energ\u00eda, a menudo honda y at\u00e1vica, de esos poemas tan \u00edntimos, ha empujado unos versos que poco a poco se han ido desplegando musicalmente. Una vez recitados y digeridos, ahora est\u00e1n escritos para ser cantados. La profundidad ins\u00f3lita de los versos persevera cada vez que los declama y, m\u00e1s a\u00fan, ahora que tambi\u00e9n los canta. En una celebraci\u00f3n esencial, cuerpo adentro y afuera.","og_url":"https:\/\/www.meritxellgene.cat\/es\/producto\/sa-tanca-dalla-dins\/","og_site_name":"Meritxell Gen\u00e9","og_image":[{"width":1800,"height":1800,"url":"https:\/\/www.meritxellgene.cat\/wp-content\/uploads\/2020\/05\/portadaquadradaxarxes-2.jpg","type":"image\/jpeg"}],"twitter_card":"summary_large_image","twitter_misc":{"Tiempo de lectura":"1 minuto"},"schema":{"@context":"https:\/\/schema.org","@graph":[{"@type":"WebPage","@id":"https:\/\/www.meritxellgene.cat\/es\/producto\/sa-tanca-dalla-dins\/","url":"https:\/\/www.meritxellgene.cat\/es\/producto\/sa-tanca-dalla-dins\/","name":"Sa tanca d'all\u00e0 dins | Meritxell Gen\u00e9","isPartOf":{"@id":"https:\/\/www.meritxellgene.cat\/es\/#website"},"primaryImageOfPage":{"@id":"https:\/\/www.meritxellgene.cat\/es\/producto\/sa-tanca-dalla-dins\/#primaryimage"},"image":{"@id":"https:\/\/www.meritxellgene.cat\/es\/producto\/sa-tanca-dalla-dins\/#primaryimage"},"thumbnailUrl":"https:\/\/www.meritxellgene.cat\/wp-content\/uploads\/2020\/05\/portadaquadradaxarxes-2.jpg","datePublished":"2025-03-02T09:13:31+00:00","breadcrumb":{"@id":"https:\/\/www.meritxellgene.cat\/es\/producto\/sa-tanca-dalla-dins\/#breadcrumb"},"inLanguage":"es","potentialAction":[{"@type":"ReadAction","target":["https:\/\/www.meritxellgene.cat\/es\/producto\/sa-tanca-dalla-dins\/"]}]},{"@type":"ImageObject","inLanguage":"es","@id":"https:\/\/www.meritxellgene.cat\/es\/producto\/sa-tanca-dalla-dins\/#primaryimage","url":"https:\/\/www.meritxellgene.cat\/wp-content\/uploads\/2020\/05\/portadaquadradaxarxes-2.jpg","contentUrl":"https:\/\/www.meritxellgene.cat\/wp-content\/uploads\/2020\/05\/portadaquadradaxarxes-2.jpg","width":1800,"height":1800},{"@type":"BreadcrumbList","@id":"https:\/\/www.meritxellgene.cat\/es\/producto\/sa-tanca-dalla-dins\/#breadcrumb","itemListElement":[{"@type":"ListItem","position":1,"name":"Portada","item":"https:\/\/www.meritxellgene.cat\/es\/"},{"@type":"ListItem","position":2,"name":"Tienda","item":"https:\/\/www.meritxellgene.cat\/botiga\/"},{"@type":"ListItem","position":3,"name":"Sa tanca d&#8217;all\u00e0 dins"}]},{"@type":"WebSite","@id":"https:\/\/www.meritxellgene.cat\/es\/#website","url":"https:\/\/www.meritxellgene.cat\/es\/","name":"Meritxell Gen\u00e9","description":"","publisher":{"@id":"https:\/\/www.meritxellgene.cat\/es\/#organization"},"potentialAction":[{"@type":"SearchAction","target":{"@type":"EntryPoint","urlTemplate":"https:\/\/www.meritxellgene.cat\/es\/?s={search_term_string}"},"query-input":{"@type":"PropertyValueSpecification","valueRequired":true,"valueName":"search_term_string"}}],"inLanguage":"es"},{"@type":"Organization","@id":"https:\/\/www.meritxellgene.cat\/es\/#organization","name":"Meritxell Gen\u00e9","url":"https:\/\/www.meritxellgene.cat\/es\/","logo":{"@type":"ImageObject","inLanguage":"es","@id":"https:\/\/www.meritxellgene.cat\/es\/#\/schema\/logo\/image\/","url":"https:\/\/www.meritxellgene.cat\/wp-content\/uploads\/2025\/01\/meritxell-gene-logo02.png","contentUrl":"https:\/\/www.meritxellgene.cat\/wp-content\/uploads\/2025\/01\/meritxell-gene-logo02.png","width":400,"height":103,"caption":"Meritxell Gen\u00e9"},"image":{"@id":"https:\/\/www.meritxellgene.cat\/es\/#\/schema\/logo\/image\/"}}]}},"_links":{"self":[{"href":"https:\/\/www.meritxellgene.cat\/es\/wp-json\/wp\/v2\/product\/23758","targetHints":{"allow":["GET"]}}],"collection":[{"href":"https:\/\/www.meritxellgene.cat\/es\/wp-json\/wp\/v2\/product"}],"about":[{"href":"https:\/\/www.meritxellgene.cat\/es\/wp-json\/wp\/v2\/types\/product"}],"replies":[{"embeddable":true,"href":"https:\/\/www.meritxellgene.cat\/es\/wp-json\/wp\/v2\/comments?post=23758"}],"wp:featuredmedia":[{"embeddable":true,"href":"https:\/\/www.meritxellgene.cat\/es\/wp-json\/wp\/v2\/media\/23353"}],"wp:attachment":[{"href":"https:\/\/www.meritxellgene.cat\/es\/wp-json\/wp\/v2\/media?parent=23758"}],"wp:term":[{"taxonomy":"product_brand","embeddable":true,"href":"https:\/\/www.meritxellgene.cat\/es\/wp-json\/wp\/v2\/product_brand?post=23758"},{"taxonomy":"product_cat","embeddable":true,"href":"https:\/\/www.meritxellgene.cat\/es\/wp-json\/wp\/v2\/product_cat?post=23758"},{"taxonomy":"product_tag","embeddable":true,"href":"https:\/\/www.meritxellgene.cat\/es\/wp-json\/wp\/v2\/product_tag?post=23758"}],"curies":[{"name":"wp","href":"https:\/\/api.w.org\/{rel}","templated":true}]}}